{"id":7751,"date":"2020-03-11T10:45:04","date_gmt":"2020-03-11T10:45:04","guid":{"rendered":"https:\/\/homes.lc.webdevprojects.cloud\/about-us-stx-motorhomes-with-stephex-dna-homepage\/"},"modified":"2024-07-16T07:29:44","modified_gmt":"2024-07-16T05:29:44","slug":"about-us-stx-motorhomes-with-stephex-dna-homepage","status":"publish","type":"page","link":"https:\/\/stxmotorhomes.com\/de\/","title":{"rendered":"Let Passion drive your Journey with STX Motorhomes"},"content":{"rendered":"","protected":false},"excerpt":{"rendered":"","protected":false},"author":19,"featured_media":15947,"parent":0,"menu_order":0,"comment_status":"closed","ping_status":"closed","template":"","meta":{"_acf_changed":false,"footnotes":""},"class_list":["post-7751","page","type-page","status-publish","has-post-thumbnail","hentry"],"acf":[],"yoast_head":"<!-- This site is optimized with the Yoast SEO plugin v27.4 - https:\/\/yoast.com\/product\/yoast-seo-wordpress\/ -->\n<title>STX Motorhomes - Let Passion drive your Journey with STX Motorhomes<\/title>\n<meta name=\"description\" content=\"Discover the STX Motorhomes models. Luxury vehicles, attractive design. Sporty driving with the Stephex DNA. STX Motorhomes Homepage\" \/>\n<meta name=\"robots\" content=\"index, follow, max-snippet:-1, max-image-preview:large, max-video-preview:-1\" \/>\n<link rel=\"canonical\" href=\"https:\/\/stxmotorhomes.com\/de\/\" \/>\n<meta property=\"og:locale\" content=\"de_DE\" \/>\n<meta property=\"og:type\" content=\"article\" \/>\n<meta property=\"og:title\" content=\"STX Motorhomes - Let Passion drive your Journey with STX Motorhomes\" \/>\n<meta property=\"og:description\" content=\"Discover the STX Motorhomes models. Luxury vehicles, attractive design. Sporty driving with the Stephex DNA. STX Motorhomes Homepage\" \/>\n<meta property=\"og:url\" content=\"https:\/\/stxmotorhomes.com\/de\/\" \/>\n<meta property=\"og:site_name\" content=\"STX Motorhomes\" \/>\n<meta property=\"article:publisher\" content=\"https:\/\/www.facebook.com\/stxmotorhomes\/\" \/>\n<meta property=\"article:modified_time\" content=\"2024-07-16T05:29:44+00:00\" \/>\n<meta property=\"og:image\" content=\"https:\/\/stxmotorhomes.com\/wp-content\/uploads\/2023\/11\/23-245-058-scaled.webp\" \/>\n\t<meta property=\"og:image:width\" content=\"2560\" \/>\n\t<meta property=\"og:image:height\" content=\"1707\" \/>\n\t<meta property=\"og:image:type\" content=\"image\/webp\" \/>\n<meta name=\"twitter:card\" content=\"summary_large_image\" \/>\n<meta name=\"twitter:label1\" content=\"Est. reading time\" \/>\n\t<meta name=\"twitter:data1\" content=\"1 minute\" \/>\n<script type=\"application\/ld+json\" class=\"yoast-schema-graph\">{\"@context\":\"https:\\\/\\\/schema.org\",\"@graph\":[{\"@type\":\"WebPage\",\"@id\":\"https:\\\/\\\/stxmotorhomes.com\\\/de\\\/\",\"url\":\"https:\\\/\\\/stxmotorhomes.com\\\/de\\\/\",\"name\":\"STX Motorhomes - Let Passion drive your Journey with STX Motorhomes\",\"isPartOf\":{\"@id\":\"https:\\\/\\\/stxmotorhomes.com\\\/#website\"},\"primaryImageOfPage\":{\"@id\":\"https:\\\/\\\/stxmotorhomes.com\\\/de\\\/#primaryimage\"},\"image\":{\"@id\":\"https:\\\/\\\/stxmotorhomes.com\\\/de\\\/#primaryimage\"},\"thumbnailUrl\":\"https:\\\/\\\/stxmotorhomes.com\\\/wp-content\\\/uploads\\\/2023\\\/11\\\/23-245-058-scaled.webp\",\"datePublished\":\"2020-03-11T10:45:04+00:00\",\"dateModified\":\"2024-07-16T05:29:44+00:00\",\"description\":\"Discover the STX Motorhomes models. Luxury vehicles, attractive design. Sporty driving with the Stephex DNA. STX Motorhomes Homepage\",\"breadcrumb\":{\"@id\":\"https:\\\/\\\/stxmotorhomes.com\\\/de\\\/#breadcrumb\"},\"inLanguage\":\"de-DE\",\"potentialAction\":[{\"@type\":\"ReadAction\",\"target\":[\"https:\\\/\\\/stxmotorhomes.com\\\/de\\\/\"]}]},{\"@type\":\"ImageObject\",\"inLanguage\":\"de-DE\",\"@id\":\"https:\\\/\\\/stxmotorhomes.com\\\/de\\\/#primaryimage\",\"url\":\"https:\\\/\\\/stxmotorhomes.com\\\/wp-content\\\/uploads\\\/2023\\\/11\\\/23-245-058-scaled.webp\",\"contentUrl\":\"https:\\\/\\\/stxmotorhomes.com\\\/wp-content\\\/uploads\\\/2023\\\/11\\\/23-245-058-scaled.webp\",\"width\":2560,\"height\":1707,\"caption\":\"STX Motorhomes offer the most optimal solutions for on track\"},{\"@type\":\"BreadcrumbList\",\"@id\":\"https:\\\/\\\/stxmotorhomes.com\\\/de\\\/#breadcrumb\",\"itemListElement\":[{\"@type\":\"ListItem\",\"position\":1,\"name\":\"Home\",\"item\":\"https:\\\/\\\/stxmotorhomes.com\\\/de\\\/\"},{\"@type\":\"ListItem\",\"position\":2,\"name\":\"Let Passion drive your Journey with STX Motorhomes\"}]},{\"@type\":\"WebSite\",\"@id\":\"https:\\\/\\\/stxmotorhomes.com\\\/#website\",\"url\":\"https:\\\/\\\/stxmotorhomes.com\\\/\",\"name\":\"STX Motorhomes\",\"description\":\"Let Passion drive your Journey\",\"publisher\":{\"@id\":\"https:\\\/\\\/stxmotorhomes.com\\\/#organization\"},\"potentialAction\":[{\"@type\":\"SearchAction\",\"target\":{\"@type\":\"EntryPoint\",\"urlTemplate\":\"https:\\\/\\\/stxmotorhomes.com\\\/?s={search_term_string}\"},\"query-input\":{\"@type\":\"PropertyValueSpecification\",\"valueRequired\":true,\"valueName\":\"search_term_string\"}}],\"inLanguage\":\"de-DE\"},{\"@type\":\"Organization\",\"@id\":\"https:\\\/\\\/stxmotorhomes.com\\\/#organization\",\"name\":\"STX MOTORHOMES\",\"url\":\"https:\\\/\\\/stxmotorhomes.com\\\/\",\"logo\":{\"@type\":\"ImageObject\",\"inLanguage\":\"de-DE\",\"@id\":\"https:\\\/\\\/stxmotorhomes.com\\\/#\\\/schema\\\/logo\\\/image\\\/\",\"url\":\"https:\\\/\\\/homes.lc.webdevprojects.cloud\\\/wp-content\\\/uploads\\\/2020\\\/09\\\/STX-MOTORHOMES-NOIR-scaled.jpg\",\"contentUrl\":\"https:\\\/\\\/homes.lc.webdevprojects.cloud\\\/wp-content\\\/uploads\\\/2020\\\/09\\\/STX-MOTORHOMES-NOIR-scaled.jpg\",\"width\":2560,\"height\":1134,\"caption\":\"STX MOTORHOMES\"},\"image\":{\"@id\":\"https:\\\/\\\/stxmotorhomes.com\\\/#\\\/schema\\\/logo\\\/image\\\/\"},\"sameAs\":[\"https:\\\/\\\/www.facebook.com\\\/stxmotorhomes\\\/\",\"https:\\\/\\\/www.instagram.com\\\/stxmotorhomes\\\/\"]}]}<\/script>\n<!-- \/ Yoast SEO plugin. -->","yoast_head_json":{"title":"STX Motorhomes - Let Passion drive your Journey with STX Motorhomes","description":"Discover the STX Motorhomes models. Luxury vehicles, attractive design. Sporty driving with the Stephex DNA. STX Motorhomes Homepage","robots":{"index":"index","follow":"follow","max-snippet":"max-snippet:-1","max-image-preview":"max-image-preview:large","max-video-preview":"max-video-preview:-1"},"canonical":"https:\/\/stxmotorhomes.com\/de\/","og_locale":"de_DE","og_type":"article","og_title":"STX Motorhomes - Let Passion drive your Journey with STX Motorhomes","og_description":"Discover the STX Motorhomes models. Luxury vehicles, attractive design. Sporty driving with the Stephex DNA. STX Motorhomes Homepage","og_url":"https:\/\/stxmotorhomes.com\/de\/","og_site_name":"STX Motorhomes","article_publisher":"https:\/\/www.facebook.com\/stxmotorhomes\/","article_modified_time":"2024-07-16T05:29:44+00:00","og_image":[{"width":2560,"height":1707,"url":"https:\/\/stxmotorhomes.com\/wp-content\/uploads\/2023\/11\/23-245-058-scaled.webp","type":"image\/webp"}],"twitter_card":"summary_large_image","twitter_misc":{"Est. reading time":"1 minute"},"schema":{"@context":"https:\/\/schema.org","@graph":[{"@type":"WebPage","@id":"https:\/\/stxmotorhomes.com\/de\/","url":"https:\/\/stxmotorhomes.com\/de\/","name":"STX Motorhomes - Let Passion drive your Journey with STX Motorhomes","isPartOf":{"@id":"https:\/\/stxmotorhomes.com\/#website"},"primaryImageOfPage":{"@id":"https:\/\/stxmotorhomes.com\/de\/#primaryimage"},"image":{"@id":"https:\/\/stxmotorhomes.com\/de\/#primaryimage"},"thumbnailUrl":"https:\/\/stxmotorhomes.com\/wp-content\/uploads\/2023\/11\/23-245-058-scaled.webp","datePublished":"2020-03-11T10:45:04+00:00","dateModified":"2024-07-16T05:29:44+00:00","description":"Discover the STX Motorhomes models. Luxury vehicles, attractive design. Sporty driving with the Stephex DNA. STX Motorhomes Homepage","breadcrumb":{"@id":"https:\/\/stxmotorhomes.com\/de\/#breadcrumb"},"inLanguage":"de-DE","potentialAction":[{"@type":"ReadAction","target":["https:\/\/stxmotorhomes.com\/de\/"]}]},{"@type":"ImageObject","inLanguage":"de-DE","@id":"https:\/\/stxmotorhomes.com\/de\/#primaryimage","url":"https:\/\/stxmotorhomes.com\/wp-content\/uploads\/2023\/11\/23-245-058-scaled.webp","contentUrl":"https:\/\/stxmotorhomes.com\/wp-content\/uploads\/2023\/11\/23-245-058-scaled.webp","width":2560,"height":1707,"caption":"STX Motorhomes offer the most optimal solutions for on track"},{"@type":"BreadcrumbList","@id":"https:\/\/stxmotorhomes.com\/de\/#breadcrumb","itemListElement":[{"@type":"ListItem","position":1,"name":"Home","item":"https:\/\/stxmotorhomes.com\/de\/"},{"@type":"ListItem","position":2,"name":"Let Passion drive your Journey with STX Motorhomes"}]},{"@type":"WebSite","@id":"https:\/\/stxmotorhomes.com\/#website","url":"https:\/\/stxmotorhomes.com\/","name":"STX Motorhomes","description":"Let Passion drive your Journey","publisher":{"@id":"https:\/\/stxmotorhomes.com\/#organization"},"potentialAction":[{"@type":"SearchAction","target":{"@type":"EntryPoint","urlTemplate":"https:\/\/stxmotorhomes.com\/?s={search_term_string}"},"query-input":{"@type":"PropertyValueSpecification","valueRequired":true,"valueName":"search_term_string"}}],"inLanguage":"de-DE"},{"@type":"Organization","@id":"https:\/\/stxmotorhomes.com\/#organization","name":"STX MOTORHOMES","url":"https:\/\/stxmotorhomes.com\/","logo":{"@type":"ImageObject","inLanguage":"de-DE","@id":"https:\/\/stxmotorhomes.com\/#\/schema\/logo\/image\/","url":"https:\/\/homes.lc.webdevprojects.cloud\/wp-content\/uploads\/2020\/09\/STX-MOTORHOMES-NOIR-scaled.jpg","contentUrl":"https:\/\/homes.lc.webdevprojects.cloud\/wp-content\/uploads\/2020\/09\/STX-MOTORHOMES-NOIR-scaled.jpg","width":2560,"height":1134,"caption":"STX MOTORHOMES"},"image":{"@id":"https:\/\/stxmotorhomes.com\/#\/schema\/logo\/image\/"},"sameAs":["https:\/\/www.facebook.com\/stxmotorhomes\/","https:\/\/www.instagram.com\/stxmotorhomes\/"]}]}},"ACF":{"subtitle":"","description":"Alle STX Motorhomes-Modelle werden mit der Stephex-DNA entwickelt, gebaut und getestet. Flie\u00dfende Linien, au\u00dfergew\u00f6hnliche Kurven, attraktives Design \u2013 STX Motorhomes verk\u00f6rpern eine Mischung aus Raffinesse und Fantasie. Inspiriert, solide, sportlich, Ihr STX Motorhome wird Ihr t\u00e4glicher Begleiter sein.","marquee_text":"Verf\u00fcgbare Fahrzeuge","marquee_link":"https:\/\/stxmotorhomes.com\/de\/stock\/?id=undefined","chapeau":true,"label":"Dream Big. Push Hard.","icon_logo":false,"link":"","video_thumbnail":{"ID":17482,"id":17482,"title":"C0468 (1) (1) (1)","filename":"C0468-1-1-1.mp4","filesize":18978825,"url":"https:\/\/stxmotorhomes.com\/wp-content\/uploads\/2024\/02\/C0468-1-1-1.mp4","link":"https:\/\/stxmotorhomes.com\/de\/luxury-motorhomes-available\/c0468-1-1-1\/","alt":"","author":"19","description":"","caption":"","name":"c0468-1-1-1","status":"inherit","uploaded_to":5,"date":"2024-02-15 14:51:57","modified":"2024-02-15 14:51:57","menu_order":0,"mime_type":"video\/mp4","type":"video","subtype":"mp4","icon":"https:\/\/stxmotorhomes.com\/wp-includes\/images\/media\/video.png","width":3840,"height":2160},"world_travelers_text":"Motorsport-Galerie"},"_links":{"self":[{"href":"https:\/\/stxmotorhomes.com\/de\/wp-json\/wp\/v2\/pages\/7751","targetHints":{"allow":["GET"]}}],"collection":[{"href":"https:\/\/stxmotorhomes.com\/de\/wp-json\/wp\/v2\/pages"}],"about":[{"href":"https:\/\/stxmotorhomes.com\/de\/wp-json\/wp\/v2\/types\/page"}],"author":[{"embeddable":true,"href":"https:\/\/stxmotorhomes.com\/de\/wp-json\/wp\/v2\/users\/19"}],"replies":[{"embeddable":true,"href":"https:\/\/stxmotorhomes.com\/de\/wp-json\/wp\/v2\/comments?post=7751"}],"version-history":[{"count":11,"href":"https:\/\/stxmotorhomes.com\/de\/wp-json\/wp\/v2\/pages\/7751\/revisions"}],"predecessor-version":[{"id":19227,"href":"https:\/\/stxmotorhomes.com\/de\/wp-json\/wp\/v2\/pages\/7751\/revisions\/19227"}],"wp:featuredmedia":[{"embeddable":true,"href":"https:\/\/stxmotorhomes.com\/de\/wp-json\/wp\/v2\/media\/15947"}],"wp:attachment":[{"href":"https:\/\/stxmotorhomes.com\/de\/wp-json\/wp\/v2\/media?parent=7751"}],"curies":[{"name":"wp","href":"https:\/\/api.w.org\/{rel}","templated":true}]}}