{"id":1632,"date":"2020-03-11T10:45:04","date_gmt":"2020-03-11T10:45:04","guid":{"rendered":"http:\/\/stxmotorhomes.com\/enjoy-your-journey-with-a-motorhomes-vehicles\/"},"modified":"2024-07-16T07:29:23","modified_gmt":"2024-07-16T05:29:23","slug":"enjoy-your-journey-with-a-motorhomes-vehicles","status":"publish","type":"page","link":"https:\/\/stxmotorhomes.com\/fr\/","title":{"rendered":"Let Passion drive your Journey with STX Motorhomes"},"content":{"rendered":"","protected":false},"excerpt":{"rendered":"","protected":false},"author":19,"featured_media":15946,"parent":0,"menu_order":0,"comment_status":"closed","ping_status":"closed","template":"","meta":{"_acf_changed":false,"footnotes":""},"class_list":["post-1632","page","type-page","status-publish","has-post-thumbnail","hentry"],"acf":[],"yoast_head":"<!-- This site is optimized with the Yoast SEO plugin v27.5 - https:\/\/yoast.com\/product\/yoast-seo-wordpress\/ -->\n<title>Let Passion drive your Journey with STX Motorhomes - STX Motorhomes<\/title>\n<meta name=\"robots\" content=\"index, follow, max-snippet:-1, max-image-preview:large, max-video-preview:-1\" \/>\n<link rel=\"canonical\" href=\"https:\/\/stxmotorhomes.com\/fr\/\" \/>\n<meta property=\"og:locale\" content=\"fr_FR\" \/>\n<meta property=\"og:type\" content=\"article\" \/>\n<meta property=\"og:title\" content=\"Let Passion drive your Journey with STX Motorhomes - STX Motorhomes\" \/>\n<meta property=\"og:url\" content=\"https:\/\/stxmotorhomes.com\/fr\/\" \/>\n<meta property=\"og:site_name\" content=\"STX Motorhomes\" \/>\n<meta property=\"article:publisher\" content=\"https:\/\/www.facebook.com\/stxmotorhomes\/\" \/>\n<meta property=\"article:modified_time\" content=\"2024-07-16T05:29:23+00:00\" \/>\n<meta property=\"og:image\" content=\"https:\/\/stxmotorhomes.com\/wp-content\/uploads\/2023\/11\/23-245-058-scaled.webp\" \/>\n\t<meta property=\"og:image:width\" content=\"2560\" \/>\n\t<meta property=\"og:image:height\" content=\"1707\" \/>\n\t<meta property=\"og:image:type\" content=\"image\/webp\" \/>\n<meta name=\"twitter:card\" content=\"summary_large_image\" \/>\n<meta name=\"twitter:label1\" content=\"Est. reading time\" \/>\n\t<meta name=\"twitter:data1\" content=\"1 minute\" \/>\n<script type=\"application\/ld+json\" class=\"yoast-schema-graph\">{\"@context\":\"https:\\\/\\\/schema.org\",\"@graph\":[{\"@type\":\"WebPage\",\"@id\":\"https:\\\/\\\/stxmotorhomes.com\\\/fr\\\/\",\"url\":\"https:\\\/\\\/stxmotorhomes.com\\\/fr\\\/\",\"name\":\"Let Passion drive your Journey with STX Motorhomes - STX Motorhomes\",\"isPartOf\":{\"@id\":\"https:\\\/\\\/stxmotorhomes.com\\\/#website\"},\"primaryImageOfPage\":{\"@id\":\"https:\\\/\\\/stxmotorhomes.com\\\/fr\\\/#primaryimage\"},\"image\":{\"@id\":\"https:\\\/\\\/stxmotorhomes.com\\\/fr\\\/#primaryimage\"},\"thumbnailUrl\":\"https:\\\/\\\/stxmotorhomes.com\\\/wp-content\\\/uploads\\\/2023\\\/11\\\/23-245-058-scaled.webp\",\"datePublished\":\"2020-03-11T10:45:04+00:00\",\"dateModified\":\"2024-07-16T05:29:23+00:00\",\"breadcrumb\":{\"@id\":\"https:\\\/\\\/stxmotorhomes.com\\\/fr\\\/#breadcrumb\"},\"inLanguage\":\"fr-FR\",\"potentialAction\":[{\"@type\":\"ReadAction\",\"target\":[\"https:\\\/\\\/stxmotorhomes.com\\\/fr\\\/\"]}]},{\"@type\":\"ImageObject\",\"inLanguage\":\"fr-FR\",\"@id\":\"https:\\\/\\\/stxmotorhomes.com\\\/fr\\\/#primaryimage\",\"url\":\"https:\\\/\\\/stxmotorhomes.com\\\/wp-content\\\/uploads\\\/2023\\\/11\\\/23-245-058-scaled.webp\",\"contentUrl\":\"https:\\\/\\\/stxmotorhomes.com\\\/wp-content\\\/uploads\\\/2023\\\/11\\\/23-245-058-scaled.webp\",\"width\":2560,\"height\":1707,\"caption\":\"STX Motorhomes offer the most optimal solutions for on track\"},{\"@type\":\"BreadcrumbList\",\"@id\":\"https:\\\/\\\/stxmotorhomes.com\\\/fr\\\/#breadcrumb\",\"itemListElement\":[{\"@type\":\"ListItem\",\"position\":1,\"name\":\"Home\",\"item\":\"https:\\\/\\\/stxmotorhomes.com\\\/fr\\\/\"},{\"@type\":\"ListItem\",\"position\":2,\"name\":\"Let Passion drive your Journey with STX Motorhomes\"}]},{\"@type\":\"WebSite\",\"@id\":\"https:\\\/\\\/stxmotorhomes.com\\\/#website\",\"url\":\"https:\\\/\\\/stxmotorhomes.com\\\/\",\"name\":\"STX Motorhomes\",\"description\":\"Let Passion drive your Journey\",\"publisher\":{\"@id\":\"https:\\\/\\\/stxmotorhomes.com\\\/#organization\"},\"potentialAction\":[{\"@type\":\"SearchAction\",\"target\":{\"@type\":\"EntryPoint\",\"urlTemplate\":\"https:\\\/\\\/stxmotorhomes.com\\\/?s={search_term_string}\"},\"query-input\":{\"@type\":\"PropertyValueSpecification\",\"valueRequired\":true,\"valueName\":\"search_term_string\"}}],\"inLanguage\":\"fr-FR\"},{\"@type\":\"Organization\",\"@id\":\"https:\\\/\\\/stxmotorhomes.com\\\/#organization\",\"name\":\"STX MOTORHOMES\",\"url\":\"https:\\\/\\\/stxmotorhomes.com\\\/\",\"logo\":{\"@type\":\"ImageObject\",\"inLanguage\":\"fr-FR\",\"@id\":\"https:\\\/\\\/stxmotorhomes.com\\\/#\\\/schema\\\/logo\\\/image\\\/\",\"url\":\"https:\\\/\\\/homes.lc.webdevprojects.cloud\\\/wp-content\\\/uploads\\\/2020\\\/09\\\/STX-MOTORHOMES-NOIR-scaled.jpg\",\"contentUrl\":\"https:\\\/\\\/homes.lc.webdevprojects.cloud\\\/wp-content\\\/uploads\\\/2020\\\/09\\\/STX-MOTORHOMES-NOIR-scaled.jpg\",\"width\":2560,\"height\":1134,\"caption\":\"STX MOTORHOMES\"},\"image\":{\"@id\":\"https:\\\/\\\/stxmotorhomes.com\\\/#\\\/schema\\\/logo\\\/image\\\/\"},\"sameAs\":[\"https:\\\/\\\/www.facebook.com\\\/stxmotorhomes\\\/\",\"https:\\\/\\\/www.instagram.com\\\/stxmotorhomes\\\/\"]}]}<\/script>\n<!-- \/ Yoast SEO plugin. -->","yoast_head_json":{"title":"Let Passion drive your Journey with STX Motorhomes - STX Motorhomes","robots":{"index":"index","follow":"follow","max-snippet":"max-snippet:-1","max-image-preview":"max-image-preview:large","max-video-preview":"max-video-preview:-1"},"canonical":"https:\/\/stxmotorhomes.com\/fr\/","og_locale":"fr_FR","og_type":"article","og_title":"Let Passion drive your Journey with STX Motorhomes - STX Motorhomes","og_url":"https:\/\/stxmotorhomes.com\/fr\/","og_site_name":"STX Motorhomes","article_publisher":"https:\/\/www.facebook.com\/stxmotorhomes\/","article_modified_time":"2024-07-16T05:29:23+00:00","og_image":[{"width":2560,"height":1707,"url":"https:\/\/stxmotorhomes.com\/wp-content\/uploads\/2023\/11\/23-245-058-scaled.webp","type":"image\/webp"}],"twitter_card":"summary_large_image","twitter_misc":{"Est. reading time":"1 minute"},"schema":{"@context":"https:\/\/schema.org","@graph":[{"@type":"WebPage","@id":"https:\/\/stxmotorhomes.com\/fr\/","url":"https:\/\/stxmotorhomes.com\/fr\/","name":"Let Passion drive your Journey with STX Motorhomes - STX Motorhomes","isPartOf":{"@id":"https:\/\/stxmotorhomes.com\/#website"},"primaryImageOfPage":{"@id":"https:\/\/stxmotorhomes.com\/fr\/#primaryimage"},"image":{"@id":"https:\/\/stxmotorhomes.com\/fr\/#primaryimage"},"thumbnailUrl":"https:\/\/stxmotorhomes.com\/wp-content\/uploads\/2023\/11\/23-245-058-scaled.webp","datePublished":"2020-03-11T10:45:04+00:00","dateModified":"2024-07-16T05:29:23+00:00","breadcrumb":{"@id":"https:\/\/stxmotorhomes.com\/fr\/#breadcrumb"},"inLanguage":"fr-FR","potentialAction":[{"@type":"ReadAction","target":["https:\/\/stxmotorhomes.com\/fr\/"]}]},{"@type":"ImageObject","inLanguage":"fr-FR","@id":"https:\/\/stxmotorhomes.com\/fr\/#primaryimage","url":"https:\/\/stxmotorhomes.com\/wp-content\/uploads\/2023\/11\/23-245-058-scaled.webp","contentUrl":"https:\/\/stxmotorhomes.com\/wp-content\/uploads\/2023\/11\/23-245-058-scaled.webp","width":2560,"height":1707,"caption":"STX Motorhomes offer the most optimal solutions for on track"},{"@type":"BreadcrumbList","@id":"https:\/\/stxmotorhomes.com\/fr\/#breadcrumb","itemListElement":[{"@type":"ListItem","position":1,"name":"Home","item":"https:\/\/stxmotorhomes.com\/fr\/"},{"@type":"ListItem","position":2,"name":"Let Passion drive your Journey with STX Motorhomes"}]},{"@type":"WebSite","@id":"https:\/\/stxmotorhomes.com\/#website","url":"https:\/\/stxmotorhomes.com\/","name":"STX Motorhomes","description":"Let Passion drive your Journey","publisher":{"@id":"https:\/\/stxmotorhomes.com\/#organization"},"potentialAction":[{"@type":"SearchAction","target":{"@type":"EntryPoint","urlTemplate":"https:\/\/stxmotorhomes.com\/?s={search_term_string}"},"query-input":{"@type":"PropertyValueSpecification","valueRequired":true,"valueName":"search_term_string"}}],"inLanguage":"fr-FR"},{"@type":"Organization","@id":"https:\/\/stxmotorhomes.com\/#organization","name":"STX MOTORHOMES","url":"https:\/\/stxmotorhomes.com\/","logo":{"@type":"ImageObject","inLanguage":"fr-FR","@id":"https:\/\/stxmotorhomes.com\/#\/schema\/logo\/image\/","url":"https:\/\/homes.lc.webdevprojects.cloud\/wp-content\/uploads\/2020\/09\/STX-MOTORHOMES-NOIR-scaled.jpg","contentUrl":"https:\/\/homes.lc.webdevprojects.cloud\/wp-content\/uploads\/2020\/09\/STX-MOTORHOMES-NOIR-scaled.jpg","width":2560,"height":1134,"caption":"STX MOTORHOMES"},"image":{"@id":"https:\/\/stxmotorhomes.com\/#\/schema\/logo\/image\/"},"sameAs":["https:\/\/www.facebook.com\/stxmotorhomes\/","https:\/\/www.instagram.com\/stxmotorhomes\/"]}]}},"ACF":{"description":"Tous nos mod\u00e8les STX Motorhomes sont d\u00e9velopp\u00e9s, construits et test\u00e9s dans l'ADN Stephex. Lignes fluides, courbes exceptionnelles, design attrayant... STX Motorhomes incarne l'audace. Inspir\u00e9, solide, sportif, agr\u00e9able, votre motorhome STX est votre compagnon quotidien.","chapeau":true,"label":"Dream Big. Push Hard. ","subtitle":"","icon_logo":false,"link":"","marquee_text":"V\u00e9hicules Disponibles","marquee_link":"https:\/\/stxmotorhomes.com\/fr\/stock\/?id=undefined","video_thumbnail":{"ID":17482,"id":17482,"title":"C0468 (1) (1) (1)","filename":"C0468-1-1-1.mp4","filesize":18978825,"url":"https:\/\/stxmotorhomes.com\/wp-content\/uploads\/2024\/02\/C0468-1-1-1.mp4","link":"https:\/\/stxmotorhomes.com\/fr\/luxury-motorhomes-available\/c0468-1-1-1\/","alt":"","author":"19","description":"","caption":"","name":"c0468-1-1-1","status":"inherit","uploaded_to":5,"date":"2024-02-15 14:51:57","modified":"2024-02-15 14:51:57","menu_order":0,"mime_type":"video\/mp4","type":"video","subtype":"mp4","icon":"https:\/\/stxmotorhomes.com\/wp-includes\/images\/media\/video.png","width":3840,"height":2160},"world_travelers_text":"Galerie de Sport Automobile"},"_links":{"self":[{"href":"https:\/\/stxmotorhomes.com\/fr\/wp-json\/wp\/v2\/pages\/1632","targetHints":{"allow":["GET"]}}],"collection":[{"href":"https:\/\/stxmotorhomes.com\/fr\/wp-json\/wp\/v2\/pages"}],"about":[{"href":"https:\/\/stxmotorhomes.com\/fr\/wp-json\/wp\/v2\/types\/page"}],"author":[{"embeddable":true,"href":"https:\/\/stxmotorhomes.com\/fr\/wp-json\/wp\/v2\/users\/19"}],"replies":[{"embeddable":true,"href":"https:\/\/stxmotorhomes.com\/fr\/wp-json\/wp\/v2\/comments?post=1632"}],"version-history":[{"count":5,"href":"https:\/\/stxmotorhomes.com\/fr\/wp-json\/wp\/v2\/pages\/1632\/revisions"}],"predecessor-version":[{"id":19226,"href":"https:\/\/stxmotorhomes.com\/fr\/wp-json\/wp\/v2\/pages\/1632\/revisions\/19226"}],"wp:featuredmedia":[{"embeddable":true,"href":"https:\/\/stxmotorhomes.com\/fr\/wp-json\/wp\/v2\/media\/15946"}],"wp:attachment":[{"href":"https:\/\/stxmotorhomes.com\/fr\/wp-json\/wp\/v2\/media?parent=1632"}],"curies":[{"name":"wp","href":"https:\/\/api.w.org\/{rel}","templated":true}]}}